{"id":604,"date":"2023-12-08T20:46:53","date_gmt":"2023-12-08T19:46:53","guid":{"rendered":"https:\/\/remaxstarfish.com\/?page_id=604"},"modified":"2024-09-23T03:18:21","modified_gmt":"2024-09-23T01:18:21","slug":"conoce-nuestros-agentes","status":"publish","type":"page","link":"https:\/\/remaxstarfish.com\/en\/conoce-nuestros-agentes\/","title":{"rendered":"Meet Our Agents"},"content":{"rendered":"<div data-elementor-type=\"wp-page\" data-elementor-id=\"604\" class=\"elementor elementor-604\">\n\t\t\t\t\t\t\t\t\t<section class=\"elementor-section elementor-top-section elementor-element elementor-element-1b90175 elementor-section-boxed elementor-section-height-default elementor-section-height-default\" data-id=\"1b90175\" data-element_type=\"section\">\n\t\t\t\t\t\t<div class=\"elementor-container elementor-column-gap-default\">\n\t\t\t\t\t<div class=\"elementor-column elementor-col-100 elementor-top-column elementor-element elementor-element-cfc67a7\" data-id=\"cfc67a7\" data-element_type=\"column\">\n\t\t\t<div class=\"elementor-widget-wrap elementor-element-populated\">\n\t\t\t\t\t\t\t\t<div class=\"elementor-element elementor-element-abd2d36 elementor-widget elementor-widget-heading\" data-id=\"abd2d36\" data-element_type=\"widget\" data-widget_type=\"heading.default\">\n\t\t\t\t<div class=\"elementor-widget-container\">\n\t\t\t<style>\/*! elementor - v3.15.0 - 20-08-2023 *\/\n.elementor-heading-title{padding:0;margin:0;line-height:1}.elementor-widget-heading .elementor-heading-title[class*=elementor-size-]>a{color:inherit;font-size:inherit;line-height:inherit}.elementor-widget-heading .elementor-heading-title.elementor-size-small{font-size:15px}.elementor-widget-heading .elementor-heading-title.elementor-size-medium{font-size:19px}.elementor-widget-heading .elementor-heading-title.elementor-size-large{font-size:29px}.elementor-widget-heading .elementor-heading-title.elementor-size-xl{font-size:39px}.elementor-widget-heading .elementor-heading-title.elementor-size-xxl{font-size:59px}<\/style><h1 class=\"elementor-heading-title elementor-size-default\">Meet Our Agents<\/h1>\t\t<\/div>\n\t\t\t\t<\/div>\n\t\t\t\t<div class=\"elementor-element elementor-element-7088f0d elementor-widget elementor-widget-text-editor\" data-id=\"7088f0d\" data-element_type=\"widget\" data-widget_type=\"text-editor.default\">\n\t\t\t\t<div class=\"elementor-widget-container\">\n\t\t\t<style>\/*! elementor - v3.15.0 - 20-08-2023 *\/\n.elementor-widget-text-editor.elementor-drop-cap-view-stacked .elementor-drop-cap{background-color:#69727d;color:#fff}.elementor-widget-text-editor.elementor-drop-cap-view-framed .elementor-drop-cap{color:#69727d;border:3px solid;background-color:transparent}.elementor-widget-text-editor:not(.elementor-drop-cap-view-default) .elementor-drop-cap{margin-top:8px}.elementor-widget-text-editor:not(.elementor-drop-cap-view-default) .elementor-drop-cap-letter{width:1em;height:1em}.elementor-widget-text-editor .elementor-drop-cap{float:left;text-align:center;line-height:1;font-size:50px}.elementor-widget-text-editor .elementor-drop-cap-letter{display:inline-block}<\/style>\t\t\t\t<p>RE\/MAX Professional Agents are the top producing agents in the real estate industry. Find your RE\/MAX Starfish Agent right here.<\/p>\t\t\t\t\t\t<\/div>\n\t\t\t\t<\/div>\n\t\t\t\t\t<\/div>\n\t\t<\/div>\n\t\t\t\t\t\t\t<\/div>\n\t\t<\/section>\n\t\t\t\t<section class=\"elementor-section elementor-top-section elementor-element elementor-element-c550eb0 elementor-section-boxed elementor-section-height-default elementor-section-height-default\" data-id=\"c550eb0\" data-element_type=\"section\">\n\t\t\t\t\t\t<div class=\"elementor-container elementor-column-gap-default\">\n\t\t\t\t\t<div class=\"elementor-column elementor-col-50 elementor-top-column elementor-element elementor-element-362d0c6\" data-id=\"362d0c6\" data-element_type=\"column\">\n\t\t\t<div class=\"elementor-widget-wrap elementor-element-populated\">\n\t\t\t\t\t\t\t\t<div class=\"elementor-element elementor-element-85c6a49 elementor-widget elementor-widget-image\" data-id=\"85c6a49\" data-element_type=\"widget\" data-widget_type=\"image.default\">\n\t\t\t\t<div class=\"elementor-widget-container\">\n\t\t\t<style>\/*! elementor - v3.15.0 - 20-08-2023 *\/\n.elementor-widget-image{text-align:center}.elementor-widget-image a{display:inline-block}.elementor-widget-image a img[src$=\".svg\"]{width:48px}.elementor-widget-image img{vertical-align:middle;display:inline-block}<\/style>\t\t\t\t\t\t\t\t\t\t\t\t<img decoding=\"async\" loading=\"lazy\" width=\"749\" height=\"810\" src=\"https:\/\/remaxstarfish.com\/wp-content\/uploads\/2024\/05\/VJF_6248-scaled-e1717018112857-947x1024.jpg\" class=\"attachment-large size-large wp-image-872\" alt=\"\" srcset=\"https:\/\/remaxstarfish.com\/wp-content\/uploads\/2024\/05\/VJF_6248-scaled-e1717018112857-947x1024.jpg 947w, https:\/\/remaxstarfish.com\/wp-content\/uploads\/2024\/05\/VJF_6248-scaled-e1717018112857-277x300.jpg 277w, https:\/\/remaxstarfish.com\/wp-content\/uploads\/2024\/05\/VJF_6248-scaled-e1717018112857-768x831.jpg 768w, https:\/\/remaxstarfish.com\/wp-content\/uploads\/2024\/05\/VJF_6248-scaled-e1717018112857-11x12.jpg 11w, https:\/\/remaxstarfish.com\/wp-content\/uploads\/2024\/05\/VJF_6248-scaled-e1717018112857.jpg 1100w\" sizes=\"(max-width: 749px) 100vw, 749px\" \/>\t\t\t\t\t\t\t\t\t\t\t\t\t\t\t<\/div>\n\t\t\t\t<\/div>\n\t\t\t\t<div class=\"elementor-element elementor-element-60e5a9a elementor-widget elementor-widget-text-editor\" data-id=\"60e5a9a\" data-element_type=\"widget\" data-widget_type=\"text-editor.default\">\n\t\t\t\t<div class=\"elementor-widget-container\">\n\t\t\t\t\t\t\t<p>I am Steven Granwell and I can help you with the entire process of selling or buying properties in Trujillo. I speak English, Spanish, Portuguese and French.<\/p>\t\t\t\t\t\t<\/div>\n\t\t\t\t<\/div>\n\t\t\t\t<div class=\"elementor-element elementor-element-55ffe53 elementor-widget elementor-widget-heading\" data-id=\"55ffe53\" data-element_type=\"widget\" data-widget_type=\"heading.default\">\n\t\t\t\t<div class=\"elementor-widget-container\">\n\t\t\t<h2 class=\"elementor-heading-title elementor-size-default\">Steven Granwell<\/h2>\t\t<\/div>\n\t\t\t\t<\/div>\n\t\t\t\t<div class=\"elementor-element elementor-element-70e7b6d e-transform elementor-widget elementor-widget-heading\" data-id=\"70e7b6d\" data-element_type=\"widget\" data-settings=\"{&quot;_transform_translateX_effect&quot;:{&quot;unit&quot;:&quot;px&quot;,&quot;size&quot;:0,&quot;sizes&quot;:[]},&quot;_transform_translateY_effect&quot;:{&quot;unit&quot;:&quot;px&quot;,&quot;size&quot;:-16,&quot;sizes&quot;:[]},&quot;_transform_translateX_effect_tablet&quot;:{&quot;unit&quot;:&quot;px&quot;,&quot;size&quot;:&quot;&quot;,&quot;sizes&quot;:[]},&quot;_transform_translateX_effect_mobile&quot;:{&quot;unit&quot;:&quot;px&quot;,&quot;size&quot;:&quot;&quot;,&quot;sizes&quot;:[]},&quot;_transform_translateY_effect_tablet&quot;:{&quot;unit&quot;:&quot;px&quot;,&quot;size&quot;:&quot;&quot;,&quot;sizes&quot;:[]},&quot;_transform_translateY_effect_mobile&quot;:{&quot;unit&quot;:&quot;px&quot;,&quot;size&quot;:&quot;&quot;,&quot;sizes&quot;:[]}}\" data-widget_type=\"heading.default\">\n\t\t\t\t<div class=\"elementor-widget-container\">\n\t\t\t<h3 class=\"elementor-heading-title elementor-size-default\">Real Estate Agent<\/h3>\t\t<\/div>\n\t\t\t\t<\/div>\n\t\t\t\t<section class=\"elementor-section elementor-inner-section elementor-element elementor-element-d1ee3c7 elementor-section-boxed elementor-section-height-default elementor-section-height-default\" data-id=\"d1ee3c7\" data-element_type=\"section\">\n\t\t\t\t\t\t<div class=\"elementor-container elementor-column-gap-default\">\n\t\t\t\t\t<div class=\"elementor-column elementor-col-50 elementor-inner-column elementor-element elementor-element-a5d5f2f\" data-id=\"a5d5f2f\" data-element_type=\"column\">\n\t\t\t<div class=\"elementor-widget-wrap elementor-element-populated\">\n\t\t\t\t\t\t\t\t<div class=\"elementor-element elementor-element-8cbcce3 elementor-view-default elementor-widget elementor-widget-icon\" data-id=\"8cbcce3\" data-element_type=\"widget\" data-widget_type=\"icon.default\">\n\t\t\t\t<div class=\"elementor-widget-container\">\n\t\t\t\t\t<div class=\"elementor-icon-wrapper\">\n\t\t\t<a class=\"elementor-icon\" href=\"https:\/\/remax-ccamls.com\/steven-granwell\">\n\t\t\t<i aria-hidden=\"true\" class=\"fas fa-house-user\"><\/i>\t\t\t<\/a>\n\t\t<\/div>\n\t\t\t\t<\/div>\n\t\t\t\t<\/div>\n\t\t\t\t<div class=\"elementor-element elementor-element-1a795ae e-transform elementor-widget elementor-widget-heading\" data-id=\"1a795ae\" data-element_type=\"widget\" data-settings=\"{&quot;_transform_translateY_effect&quot;:{&quot;unit&quot;:&quot;px&quot;,&quot;size&quot;:0,&quot;sizes&quot;:[]},&quot;_transform_translateX_effect&quot;:{&quot;unit&quot;:&quot;px&quot;,&quot;size&quot;:&quot;&quot;,&quot;sizes&quot;:[]},&quot;_transform_translateX_effect_tablet&quot;:{&quot;unit&quot;:&quot;px&quot;,&quot;size&quot;:&quot;&quot;,&quot;sizes&quot;:[]},&quot;_transform_translateX_effect_mobile&quot;:{&quot;unit&quot;:&quot;px&quot;,&quot;size&quot;:&quot;&quot;,&quot;sizes&quot;:[]},&quot;_transform_translateY_effect_tablet&quot;:{&quot;unit&quot;:&quot;px&quot;,&quot;size&quot;:&quot;&quot;,&quot;sizes&quot;:[]},&quot;_transform_translateY_effect_mobile&quot;:{&quot;unit&quot;:&quot;px&quot;,&quot;size&quot;:&quot;&quot;,&quot;sizes&quot;:[]}}\" data-widget_type=\"heading.default\">\n\t\t\t\t<div class=\"elementor-widget-container\">\n\t\t\t<h6 class=\"elementor-heading-title elementor-size-default\">Listings<\/h6>\t\t<\/div>\n\t\t\t\t<\/div>\n\t\t\t\t\t<\/div>\n\t\t<\/div>\n\t\t\t\t<div class=\"elementor-column elementor-col-50 elementor-inner-column elementor-element elementor-element-e4a76eb\" data-id=\"e4a76eb\" data-element_type=\"column\">\n\t\t\t<div class=\"elementor-widget-wrap elementor-element-populated\">\n\t\t\t\t\t\t\t\t<div class=\"elementor-element elementor-element-614dae4 elementor-view-default elementor-widget elementor-widget-icon\" data-id=\"614dae4\" data-element_type=\"widget\" data-widget_type=\"icon.default\">\n\t\t\t\t<div class=\"elementor-widget-container\">\n\t\t\t\t\t<div class=\"elementor-icon-wrapper\">\n\t\t\t<a class=\"elementor-icon\" href=\"http:\/\/info@remaxstarfish.com\/en\/\">\n\t\t\t<i aria-hidden=\"true\" class=\"far fa-envelope\"><\/i>\t\t\t<\/a>\n\t\t<\/div>\n\t\t\t\t<\/div>\n\t\t\t\t<\/div>\n\t\t\t\t<div class=\"elementor-element elementor-element-c3d22b2 elementor-widget elementor-widget-heading\" data-id=\"c3d22b2\" data-element_type=\"widget\" data-widget_type=\"heading.default\">\n\t\t\t\t<div class=\"elementor-widget-container\">\n\t\t\t<h6 class=\"elementor-heading-title elementor-size-default\">Contact<\/h6>\t\t<\/div>\n\t\t\t\t<\/div>\n\t\t\t\t\t<\/div>\n\t\t<\/div>\n\t\t\t\t\t\t\t<\/div>\n\t\t<\/section>\n\t\t\t\t\t<\/div>\n\t\t<\/div>\n\t\t\t\t<div class=\"elementor-column elementor-col-50 elementor-top-column elementor-element elementor-element-33c5e1b\" data-id=\"33c5e1b\" data-element_type=\"column\">\n\t\t\t<div class=\"elementor-widget-wrap elementor-element-populated\">\n\t\t\t\t\t\t\t\t<div class=\"elementor-element elementor-element-c64d16e elementor-widget elementor-widget-image\" data-id=\"c64d16e\" data-element_type=\"widget\" data-widget_type=\"image.default\">\n\t\t\t\t<div class=\"elementor-widget-container\">\n\t\t\t\t\t\t\t\t\t\t\t\t\t\t\t<img decoding=\"async\" loading=\"lazy\" width=\"749\" height=\"767\" src=\"https:\/\/remaxstarfish.com\/wp-content\/uploads\/2024\/05\/VJF_6235-scaled-e1717017888612-1000x1024.jpg\" class=\"attachment-large size-large wp-image-870\" alt=\"\" srcset=\"https:\/\/remaxstarfish.com\/wp-content\/uploads\/2024\/05\/VJF_6235-scaled-e1717017888612-1000x1024.jpg 1000w, https:\/\/remaxstarfish.com\/wp-content\/uploads\/2024\/05\/VJF_6235-scaled-e1717017888612-293x300.jpg 293w, https:\/\/remaxstarfish.com\/wp-content\/uploads\/2024\/05\/VJF_6235-scaled-e1717017888612-768x786.jpg 768w, https:\/\/remaxstarfish.com\/wp-content\/uploads\/2024\/05\/VJF_6235-scaled-e1717017888612-12x12.jpg 12w, https:\/\/remaxstarfish.com\/wp-content\/uploads\/2024\/05\/VJF_6235-scaled-e1717017888612.jpg 1416w\" sizes=\"(max-width: 749px) 100vw, 749px\" \/>\t\t\t\t\t\t\t\t\t\t\t\t\t\t\t<\/div>\n\t\t\t\t<\/div>\n\t\t\t\t<div class=\"elementor-element elementor-element-a1b0483 elementor-widget elementor-widget-text-editor\" data-id=\"a1b0483\" data-element_type=\"widget\" data-widget_type=\"text-editor.default\">\n\t\t\t\t<div class=\"elementor-widget-container\">\n\t\t\t\t\t\t\t<p>I am Margoth Meraz and I can help you throughout the process of selling or buying properties in Trujillo. I speak Spanish.<\/p>\t\t\t\t\t\t<\/div>\n\t\t\t\t<\/div>\n\t\t\t\t<div class=\"elementor-element elementor-element-ad6c587 elementor-widget elementor-widget-heading\" data-id=\"ad6c587\" data-element_type=\"widget\" data-widget_type=\"heading.default\">\n\t\t\t\t<div class=\"elementor-widget-container\">\n\t\t\t<h2 class=\"elementor-heading-title elementor-size-default\">Margoth Meraz<\/h2>\t\t<\/div>\n\t\t\t\t<\/div>\n\t\t\t\t<div class=\"elementor-element elementor-element-8b420a5 e-transform elementor-widget elementor-widget-heading\" data-id=\"8b420a5\" data-element_type=\"widget\" data-settings=\"{&quot;_transform_translateX_effect&quot;:{&quot;unit&quot;:&quot;px&quot;,&quot;size&quot;:0,&quot;sizes&quot;:[]},&quot;_transform_translateY_effect&quot;:{&quot;unit&quot;:&quot;px&quot;,&quot;size&quot;:-16,&quot;sizes&quot;:[]},&quot;_transform_translateX_effect_tablet&quot;:{&quot;unit&quot;:&quot;px&quot;,&quot;size&quot;:&quot;&quot;,&quot;sizes&quot;:[]},&quot;_transform_translateX_effect_mobile&quot;:{&quot;unit&quot;:&quot;px&quot;,&quot;size&quot;:&quot;&quot;,&quot;sizes&quot;:[]},&quot;_transform_translateY_effect_tablet&quot;:{&quot;unit&quot;:&quot;px&quot;,&quot;size&quot;:&quot;&quot;,&quot;sizes&quot;:[]},&quot;_transform_translateY_effect_mobile&quot;:{&quot;unit&quot;:&quot;px&quot;,&quot;size&quot;:&quot;&quot;,&quot;sizes&quot;:[]}}\" data-widget_type=\"heading.default\">\n\t\t\t\t<div class=\"elementor-widget-container\">\n\t\t\t<h3 class=\"elementor-heading-title elementor-size-default\">Real Estate Agent<\/h3>\t\t<\/div>\n\t\t\t\t<\/div>\n\t\t\t\t<section class=\"elementor-section elementor-inner-section elementor-element elementor-element-776d34a elementor-section-boxed elementor-section-height-default elementor-section-height-default\" data-id=\"776d34a\" data-element_type=\"section\">\n\t\t\t\t\t\t<div class=\"elementor-container elementor-column-gap-default\">\n\t\t\t\t\t<div class=\"elementor-column elementor-col-50 elementor-inner-column elementor-element elementor-element-250f716\" data-id=\"250f716\" data-element_type=\"column\">\n\t\t\t<div class=\"elementor-widget-wrap elementor-element-populated\">\n\t\t\t\t\t\t\t\t<div class=\"elementor-element elementor-element-43ebb62 elementor-view-default elementor-widget elementor-widget-icon\" data-id=\"43ebb62\" data-element_type=\"widget\" data-widget_type=\"icon.default\">\n\t\t\t\t<div class=\"elementor-widget-container\">\n\t\t\t\t\t<div class=\"elementor-icon-wrapper\">\n\t\t\t<a class=\"elementor-icon\" href=\"https:\/\/remax-ccamls.com\/margoth-meraz\">\n\t\t\t<i aria-hidden=\"true\" class=\"fas fa-house-user\"><\/i>\t\t\t<\/a>\n\t\t<\/div>\n\t\t\t\t<\/div>\n\t\t\t\t<\/div>\n\t\t\t\t<div class=\"elementor-element elementor-element-3137a0a e-transform elementor-widget elementor-widget-heading\" data-id=\"3137a0a\" data-element_type=\"widget\" data-settings=\"{&quot;_transform_translateY_effect&quot;:{&quot;unit&quot;:&quot;px&quot;,&quot;size&quot;:0,&quot;sizes&quot;:[]},&quot;_transform_translateX_effect&quot;:{&quot;unit&quot;:&quot;px&quot;,&quot;size&quot;:&quot;&quot;,&quot;sizes&quot;:[]},&quot;_transform_translateX_effect_tablet&quot;:{&quot;unit&quot;:&quot;px&quot;,&quot;size&quot;:&quot;&quot;,&quot;sizes&quot;:[]},&quot;_transform_translateX_effect_mobile&quot;:{&quot;unit&quot;:&quot;px&quot;,&quot;size&quot;:&quot;&quot;,&quot;sizes&quot;:[]},&quot;_transform_translateY_effect_tablet&quot;:{&quot;unit&quot;:&quot;px&quot;,&quot;size&quot;:&quot;&quot;,&quot;sizes&quot;:[]},&quot;_transform_translateY_effect_mobile&quot;:{&quot;unit&quot;:&quot;px&quot;,&quot;size&quot;:&quot;&quot;,&quot;sizes&quot;:[]}}\" data-widget_type=\"heading.default\">\n\t\t\t\t<div class=\"elementor-widget-container\">\n\t\t\t<h6 class=\"elementor-heading-title elementor-size-default\">Listings<\/h6>\t\t<\/div>\n\t\t\t\t<\/div>\n\t\t\t\t\t<\/div>\n\t\t<\/div>\n\t\t\t\t<div class=\"elementor-column elementor-col-50 elementor-inner-column elementor-element elementor-element-7e2aae1\" data-id=\"7e2aae1\" data-element_type=\"column\">\n\t\t\t<div class=\"elementor-widget-wrap elementor-element-populated\">\n\t\t\t\t\t\t\t\t<div class=\"elementor-element elementor-element-69dba04 elementor-view-default elementor-widget elementor-widget-icon\" data-id=\"69dba04\" data-element_type=\"widget\" data-widget_type=\"icon.default\">\n\t\t\t\t<div class=\"elementor-widget-container\">\n\t\t\t\t\t<div class=\"elementor-icon-wrapper\">\n\t\t\t<a class=\"elementor-icon\" href=\"http:\/\/margoth@remaxstarfish.com\/en\/\">\n\t\t\t<i aria-hidden=\"true\" class=\"far fa-envelope\"><\/i>\t\t\t<\/a>\n\t\t<\/div>\n\t\t\t\t<\/div>\n\t\t\t\t<\/div>\n\t\t\t\t<div class=\"elementor-element elementor-element-540ad48 elementor-widget elementor-widget-heading\" data-id=\"540ad48\" data-element_type=\"widget\" data-widget_type=\"heading.default\">\n\t\t\t\t<div class=\"elementor-widget-container\">\n\t\t\t<h6 class=\"elementor-heading-title elementor-size-default\">Contact<\/h6>\t\t<\/div>\n\t\t\t\t<\/div>\n\t\t\t\t\t<\/div>\n\t\t<\/div>\n\t\t\t\t\t\t\t<\/div>\n\t\t<\/section>\n\t\t\t\t\t<\/div>\n\t\t<\/div>\n\t\t\t\t\t\t\t<\/div>\n\t\t<\/section>\n\t\t\t\t\t\t\t<\/div>","protected":false},"excerpt":{"rendered":"<p>Conoce Nuestros Agentes Los agentes profesionales de RE\/MAX son los principales agentes productores en la industria inmobiliaria. Encuentre su agente RE\/MAX Starfish aqu\u00ed mismo. Soy Steven Granwell te puedo ayudar en todo el proceso de venta o compra de propiedades en Trujillo. Hablo Ingl\u00e9s, Espa\u00f1ol, Portugu\u00e9s y Franc\u00e9s. Steven Granwell Real Estate Agent Listings Contact [&hellip;]<\/p>","protected":false},"author":1,"featured_media":882,"parent":0,"menu_order":0,"comment_status":"closed","ping_status":"closed","template":"","meta":{"footnotes":""},"yoast_head":"<!-- This site is optimized with the Yoast SEO plugin v21.0 - https:\/\/yoast.com\/wordpress\/plugins\/seo\/ -->\n<title>Conoce Nuestros Agentes - remaxstarfish.com<\/title>\n<meta name=\"robots\" content=\"index, follow, max-snippet:-1, max-image-preview:large, max-video-preview:-1\" \/>\n<link rel=\"canonical\" href=\"https:\/\/remaxstarfish.com\/en\/conoce-nuestros-agentes\/\" \/>\n<meta property=\"og:locale\" content=\"en_US\" \/>\n<meta property=\"og:type\" content=\"article\" \/>\n<meta property=\"og:title\" content=\"Conoce Nuestros Agentes\" \/>\n<meta property=\"og:description\" content=\"Un agente inmobiliario es lo que debes contactar para poder asesorate en la futura compra que deseas realizar. Contacta un agente RE\/MAX Starfish hoy !\" \/>\n<meta property=\"og:url\" content=\"https:\/\/remaxstarfish.com\/en\/conoce-nuestros-agentes\/\" \/>\n<meta property=\"og:site_name\" content=\"remaxstarfish.com\" \/>\n<meta property=\"article:modified_time\" content=\"2024-09-23T01:18:21+00:00\" \/>\n<meta property=\"og:image\" content=\"https:\/\/remaxstarfish.com\/wp-content\/uploads\/2024\/05\/Diseno-sin-titulo-1024x602.png\" \/>\n\t<meta property=\"og:image:width\" content=\"1024\" \/>\n\t<meta property=\"og:image:height\" content=\"602\" \/>\n\t<meta property=\"og:image:type\" content=\"image\/png\" \/>\n<meta name=\"twitter:card\" content=\"summary_large_image\" \/>\n<meta name=\"twitter:label1\" content=\"Est. reading time\" \/>\n\t<meta name=\"twitter:data1\" content=\"1 minute\" \/>\n<script type=\"application\/ld+json\" class=\"yoast-schema-graph\">{\"@context\":\"https:\/\/schema.org\",\"@graph\":[{\"@type\":\"WebPage\",\"@id\":\"https:\/\/remaxstarfish.com\/conoce-nuestros-agentes\/\",\"url\":\"https:\/\/remaxstarfish.com\/conoce-nuestros-agentes\/\",\"name\":\"Conoce Nuestros Agentes - remaxstarfish.com\",\"isPartOf\":{\"@id\":\"https:\/\/remaxstarfish.com\/#website\"},\"datePublished\":\"2023-12-08T19:46:53+00:00\",\"dateModified\":\"2024-09-23T01:18:21+00:00\",\"breadcrumb\":{\"@id\":\"https:\/\/remaxstarfish.com\/conoce-nuestros-agentes\/#breadcrumb\"},\"inLanguage\":\"en-US\",\"potentialAction\":[{\"@type\":\"ReadAction\",\"target\":[\"https:\/\/remaxstarfish.com\/conoce-nuestros-agentes\/\"]}]},{\"@type\":\"BreadcrumbList\",\"@id\":\"https:\/\/remaxstarfish.com\/conoce-nuestros-agentes\/#breadcrumb\",\"itemListElement\":[{\"@type\":\"ListItem\",\"position\":1,\"name\":\"Portada\",\"item\":\"https:\/\/remaxstarfish.com\/\"},{\"@type\":\"ListItem\",\"position\":2,\"name\":\"Conoce Nuestros Agentes\"}]},{\"@type\":\"WebSite\",\"@id\":\"https:\/\/remaxstarfish.com\/#website\",\"url\":\"https:\/\/remaxstarfish.com\/\",\"name\":\"remaxstarfish.com\",\"description\":\"\",\"publisher\":{\"@id\":\"https:\/\/remaxstarfish.com\/#organization\"},\"potentialAction\":[{\"@type\":\"SearchAction\",\"target\":{\"@type\":\"EntryPoint\",\"urlTemplate\":\"https:\/\/remaxstarfish.com\/?s={search_term_string}\"},\"query-input\":\"required name=search_term_string\"}],\"inLanguage\":\"en-US\"},{\"@type\":\"Organization\",\"@id\":\"https:\/\/remaxstarfish.com\/#organization\",\"name\":\"remaxstarfish.com\",\"url\":\"https:\/\/remaxstarfish.com\/\",\"logo\":{\"@type\":\"ImageObject\",\"inLanguage\":\"en-US\",\"@id\":\"https:\/\/remaxstarfish.com\/#\/schema\/logo\/image\/\",\"url\":\"https:\/\/remaxstarfish.com\/wp-content\/uploads\/2025\/03\/cropped-STARFISH-1.png\",\"contentUrl\":\"https:\/\/remaxstarfish.com\/wp-content\/uploads\/2025\/03\/cropped-STARFISH-1.png\",\"width\":3171,\"height\":1353,\"caption\":\"remaxstarfish.com\"},\"image\":{\"@id\":\"https:\/\/remaxstarfish.com\/#\/schema\/logo\/image\/\"}}]}<\/script>\n<!-- \/ Yoast SEO plugin. -->","yoast_head_json":{"title":"Conoce Nuestros Agentes - remaxstarfish.com","robots":{"index":"index","follow":"follow","max-snippet":"max-snippet:-1","max-image-preview":"max-image-preview:large","max-video-preview":"max-video-preview:-1"},"canonical":"https:\/\/remaxstarfish.com\/en\/conoce-nuestros-agentes\/","og_locale":"en_US","og_type":"article","og_title":"Conoce Nuestros Agentes","og_description":"Un agente inmobiliario es lo que debes contactar para poder asesorate en la futura compra que deseas realizar. Contacta un agente RE\/MAX Starfish hoy !","og_url":"https:\/\/remaxstarfish.com\/en\/conoce-nuestros-agentes\/","og_site_name":"remaxstarfish.com","article_modified_time":"2024-09-23T01:18:21+00:00","og_image":[{"width":1024,"height":602,"url":"https:\/\/remaxstarfish.com\/wp-content\/uploads\/2024\/05\/Diseno-sin-titulo-1024x602.png","type":"image\/png"}],"twitter_card":"summary_large_image","twitter_misc":{"Est. reading time":"1 minute"},"schema":{"@context":"https:\/\/schema.org","@graph":[{"@type":"WebPage","@id":"https:\/\/remaxstarfish.com\/conoce-nuestros-agentes\/","url":"https:\/\/remaxstarfish.com\/conoce-nuestros-agentes\/","name":"Conoce Nuestros Agentes - remaxstarfish.com","isPartOf":{"@id":"https:\/\/remaxstarfish.com\/#website"},"datePublished":"2023-12-08T19:46:53+00:00","dateModified":"2024-09-23T01:18:21+00:00","breadcrumb":{"@id":"https:\/\/remaxstarfish.com\/conoce-nuestros-agentes\/#breadcrumb"},"inLanguage":"en-US","potentialAction":[{"@type":"ReadAction","target":["https:\/\/remaxstarfish.com\/conoce-nuestros-agentes\/"]}]},{"@type":"BreadcrumbList","@id":"https:\/\/remaxstarfish.com\/conoce-nuestros-agentes\/#breadcrumb","itemListElement":[{"@type":"ListItem","position":1,"name":"Portada","item":"https:\/\/remaxstarfish.com\/"},{"@type":"ListItem","position":2,"name":"Conoce Nuestros Agentes"}]},{"@type":"WebSite","@id":"https:\/\/remaxstarfish.com\/#website","url":"https:\/\/remaxstarfish.com\/","name":"remaxstarfish.com","description":"","publisher":{"@id":"https:\/\/remaxstarfish.com\/#organization"},"potentialAction":[{"@type":"SearchAction","target":{"@type":"EntryPoint","urlTemplate":"https:\/\/remaxstarfish.com\/?s={search_term_string}"},"query-input":"required name=search_term_string"}],"inLanguage":"en-US"},{"@type":"Organization","@id":"https:\/\/remaxstarfish.com\/#organization","name":"remaxstarfish.com","url":"https:\/\/remaxstarfish.com\/","logo":{"@type":"ImageObject","inLanguage":"en-US","@id":"https:\/\/remaxstarfish.com\/#\/schema\/logo\/image\/","url":"https:\/\/remaxstarfish.com\/wp-content\/uploads\/2025\/03\/cropped-STARFISH-1.png","contentUrl":"https:\/\/remaxstarfish.com\/wp-content\/uploads\/2025\/03\/cropped-STARFISH-1.png","width":3171,"height":1353,"caption":"remaxstarfish.com"},"image":{"@id":"https:\/\/remaxstarfish.com\/#\/schema\/logo\/image\/"}}]}},"_links":{"self":[{"href":"https:\/\/remaxstarfish.com\/en\/wp-json\/wp\/v2\/pages\/604"}],"collection":[{"href":"https:\/\/remaxstarfish.com\/en\/wp-json\/wp\/v2\/pages"}],"about":[{"href":"https:\/\/remaxstarfish.com\/en\/wp-json\/wp\/v2\/types\/page"}],"author":[{"embeddable":true,"href":"https:\/\/remaxstarfish.com\/en\/wp-json\/wp\/v2\/users\/1"}],"replies":[{"embeddable":true,"href":"https:\/\/remaxstarfish.com\/en\/wp-json\/wp\/v2\/comments?post=604"}],"version-history":[{"count":26,"href":"https:\/\/remaxstarfish.com\/en\/wp-json\/wp\/v2\/pages\/604\/revisions"}],"predecessor-version":[{"id":1028,"href":"https:\/\/remaxstarfish.com\/en\/wp-json\/wp\/v2\/pages\/604\/revisions\/1028"}],"wp:featuredmedia":[{"embeddable":true,"href":"https:\/\/remaxstarfish.com\/en\/wp-json\/wp\/v2\/media\/882"}],"wp:attachment":[{"href":"https:\/\/remaxstarfish.com\/en\/wp-json\/wp\/v2\/media?parent=604"}],"curies":[{"name":"wp","href":"https:\/\/api.w.org\/{rel}","templated":true}]}}