{"id":598,"date":"2023-12-08T20:25:34","date_gmt":"2023-12-08T19:25:34","guid":{"rendered":"https:\/\/remaxstarfish.com\/?page_id=598"},"modified":"2024-05-24T02:13:36","modified_gmt":"2024-05-24T00:13:36","slug":"acerca-de-re-max-starfish","status":"publish","type":"page","link":"https:\/\/remaxstarfish.com\/en\/acerca-de-re-max-starfish\/","title":{"rendered":"About RE\/MAX Starfish"},"content":{"rendered":"<div data-elementor-type=\"wp-page\" data-elementor-id=\"598\" class=\"elementor elementor-598\">\n\t\t\t\t\t\t\t\t\t<section class=\"elementor-section elementor-top-section elementor-element elementor-element-8d5a7e7 elementor-section-boxed elementor-section-height-default elementor-section-height-default\" data-id=\"8d5a7e7\" data-element_type=\"section\">\n\t\t\t\t\t\t<div class=\"elementor-container elementor-column-gap-default\">\n\t\t\t\t\t<div class=\"elementor-column elementor-col-33 elementor-top-column elementor-element elementor-element-ff473f8\" data-id=\"ff473f8\" data-element_type=\"column\">\n\t\t\t<div class=\"elementor-widget-wrap elementor-element-populated\">\n\t\t\t\t\t\t\t\t<div class=\"elementor-element elementor-element-b08751e elementor-widget elementor-widget-heading\" data-id=\"b08751e\" data-element_type=\"widget\" data-widget_type=\"heading.default\">\n\t\t\t\t<div class=\"elementor-widget-container\">\n\t\t\t<style>\/*! elementor - v3.15.0 - 20-08-2023 *\/\n.elementor-heading-title{padding:0;margin:0;line-height:1}.elementor-widget-heading .elementor-heading-title[class*=elementor-size-]>a{color:inherit;font-size:inherit;line-height:inherit}.elementor-widget-heading .elementor-heading-title.elementor-size-small{font-size:15px}.elementor-widget-heading .elementor-heading-title.elementor-size-medium{font-size:19px}.elementor-widget-heading .elementor-heading-title.elementor-size-large{font-size:29px}.elementor-widget-heading .elementor-heading-title.elementor-size-xl{font-size:39px}.elementor-widget-heading .elementor-heading-title.elementor-size-xxl{font-size:59px}<\/style><h3 class=\"elementor-heading-title elementor-size-default\">RE\/MAX Starfish<\/h3>\t\t<\/div>\n\t\t\t\t<\/div>\n\t\t\t\t<div class=\"elementor-element elementor-element-1d9610a elementor-widget elementor-widget-heading\" data-id=\"1d9610a\" data-element_type=\"widget\" data-widget_type=\"heading.default\">\n\t\t\t\t<div class=\"elementor-widget-container\">\n\t\t\t<h1 class=\"elementor-heading-title elementor-size-default\">A Better Way to Sell and Buy Real Estate<\/h1>\t\t<\/div>\n\t\t\t\t<\/div>\n\t\t\t\t<div class=\"elementor-element elementor-element-5f1be2b elementor-align-left elementor-widget elementor-widget-button\" data-id=\"5f1be2b\" data-element_type=\"widget\" data-widget_type=\"button.default\">\n\t\t\t\t<div class=\"elementor-widget-container\">\n\t\t\t\t\t<div class=\"elementor-button-wrapper\">\n\t\t\t<a class=\"elementor-button elementor-button-link elementor-size-sm\" href=\"https:\/\/remaxstarfish.com\/en\/listing-category\/en-venta\/\">\n\t\t\t\t\t\t<span class=\"elementor-button-content-wrapper\">\n\t\t\t\t\t\t<span class=\"elementor-button-text\">View Listing<\/span>\n\t\t<\/span>\n\t\t\t\t\t<\/a>\n\t\t<\/div>\n\t\t\t\t<\/div>\n\t\t\t\t<\/div>\n\t\t\t\t<div class=\"elementor-element elementor-element-a827d05 elementor-widget elementor-widget-image\" data-id=\"a827d05\" data-element_type=\"widget\" data-widget_type=\"image.default\">\n\t\t\t\t<div class=\"elementor-widget-container\">\n\t\t\t<style>\/*! elementor - v3.15.0 - 20-08-2023 *\/\n.elementor-widget-image{text-align:center}.elementor-widget-image a{display:inline-block}.elementor-widget-image a img[src$=\".svg\"]{width:48px}.elementor-widget-image img{vertical-align:middle;display:inline-block}<\/style>\t\t\t\t\t\t\t\t\t\t\t\t<img decoding=\"async\" loading=\"lazy\" width=\"672\" height=\"672\" src=\"https:\/\/remaxstarfish.com\/wp-content\/uploads\/2024\/05\/Remax-starfish-vision-.png\" class=\"attachment-large size-large wp-image-847\" alt=\"\" srcset=\"https:\/\/remaxstarfish.com\/wp-content\/uploads\/2024\/05\/Remax-starfish-vision-.png 672w, https:\/\/remaxstarfish.com\/wp-content\/uploads\/2024\/05\/Remax-starfish-vision--300x300.png 300w, https:\/\/remaxstarfish.com\/wp-content\/uploads\/2024\/05\/Remax-starfish-vision--150x150.png 150w, https:\/\/remaxstarfish.com\/wp-content\/uploads\/2024\/05\/Remax-starfish-vision--12x12.png 12w, https:\/\/remaxstarfish.com\/wp-content\/uploads\/2024\/05\/Remax-starfish-vision--400x400.png 400w\" sizes=\"(max-width: 672px) 100vw, 672px\" \/>\t\t\t\t\t\t\t\t\t\t\t\t\t\t\t<\/div>\n\t\t\t\t<\/div>\n\t\t\t\t<div class=\"elementor-element elementor-element-8c50231 elementor-widget elementor-widget-image\" data-id=\"8c50231\" data-element_type=\"widget\" data-widget_type=\"image.default\">\n\t\t\t\t<div class=\"elementor-widget-container\">\n\t\t\t\t\t\t\t\t\t\t\t\t\t\t\t<img decoding=\"async\" loading=\"lazy\" width=\"672\" height=\"672\" src=\"https:\/\/remaxstarfish.com\/wp-content\/uploads\/2024\/05\/Mision-Remax-starfish.png\" class=\"attachment-large size-large wp-image-848\" alt=\"\" srcset=\"https:\/\/remaxstarfish.com\/wp-content\/uploads\/2024\/05\/Mision-Remax-starfish.png 672w, https:\/\/remaxstarfish.com\/wp-content\/uploads\/2024\/05\/Mision-Remax-starfish-300x300.png 300w, https:\/\/remaxstarfish.com\/wp-content\/uploads\/2024\/05\/Mision-Remax-starfish-150x150.png 150w, https:\/\/remaxstarfish.com\/wp-content\/uploads\/2024\/05\/Mision-Remax-starfish-12x12.png 12w, https:\/\/remaxstarfish.com\/wp-content\/uploads\/2024\/05\/Mision-Remax-starfish-400x400.png 400w\" sizes=\"(max-width: 672px) 100vw, 672px\" \/>\t\t\t\t\t\t\t\t\t\t\t\t\t\t\t<\/div>\n\t\t\t\t<\/div>\n\t\t\t\t\t<\/div>\n\t\t<\/div>\n\t\t\t\t<div class=\"elementor-column elementor-col-66 elementor-top-column elementor-element elementor-element-2d84cfb\" data-id=\"2d84cfb\" data-element_type=\"column\">\n\t\t\t<div class=\"elementor-widget-wrap elementor-element-populated\">\n\t\t\t\t\t\t\t\t<div class=\"elementor-element elementor-element-66a9d30 elementor-widget elementor-widget-heading\" data-id=\"66a9d30\" data-element_type=\"widget\" data-widget_type=\"heading.default\">\n\t\t\t\t<div class=\"elementor-widget-container\">\n\t\t\t<h2 class=\"elementor-heading-title elementor-size-default\">About RE\/MAX Starfish<\/h2>\t\t<\/div>\n\t\t\t\t<\/div>\n\t\t\t\t<div class=\"elementor-element elementor-element-926c929 elementor-widget elementor-widget-text-editor\" data-id=\"926c929\" data-element_type=\"widget\" data-widget_type=\"text-editor.default\">\n\t\t\t\t<div class=\"elementor-widget-container\">\n\t\t\t<style>\/*! elementor - v3.15.0 - 20-08-2023 *\/\n.elementor-widget-text-editor.elementor-drop-cap-view-stacked .elementor-drop-cap{background-color:#69727d;color:#fff}.elementor-widget-text-editor.elementor-drop-cap-view-framed .elementor-drop-cap{color:#69727d;border:3px solid;background-color:transparent}.elementor-widget-text-editor:not(.elementor-drop-cap-view-default) .elementor-drop-cap{margin-top:8px}.elementor-widget-text-editor:not(.elementor-drop-cap-view-default) .elementor-drop-cap-letter{width:1em;height:1em}.elementor-widget-text-editor .elementor-drop-cap{float:left;text-align:center;line-height:1;font-size:50px}.elementor-widget-text-editor .elementor-drop-cap-letter{display:inline-block}<\/style>\t\t\t\t<p>We are a dedicated group of real estate agents held to a higher standard through our own shared values and work ethic. We live, work and play in the community we love and our clients can rest assured that all of their real estate needs will be professionally managed by agents who truly care. We thrive on collaboration and mutual support, resulting in a more positive and successful experience for our customer base. We are grateful for all of our customers and, in turn, have made it part of our mandate to give back to our community through charitable donations, local business awareness, and support in any way we can offer. We are a brokerage that is constantly growing and expanding, however, we only have the right and highest quality Agents to accompany us. We are also connected with many service providers who also maintain high standards for the business they do. We are all stronger together and when you choose a RE\/MAX Starfish agent you can rest assured that your best interests will be at the forefront throughout the entire transaction. Our beautiful brokerage agency is located in Trujillo, Honduras; However, we also largely serve the surrounding communities of Trujillo and the entire department of Colon. We specialize in residential, commercial, luxury, recreational and rural real estate. #SomosTrujilloReMax #ReMaxStarfish<\/p>\t\t\t\t\t\t<\/div>\n\t\t\t\t<\/div>\n\t\t\t\t<div class=\"elementor-element elementor-element-ff90825 elementor-widget elementor-widget-heading\" data-id=\"ff90825\" data-element_type=\"widget\" data-widget_type=\"heading.default\">\n\t\t\t\t<div class=\"elementor-widget-container\">\n\t\t\t<h2 class=\"elementor-heading-title elementor-size-default\">Top Quality Professionals<\/h2>\t\t<\/div>\n\t\t\t\t<\/div>\n\t\t\t\t<div class=\"elementor-element elementor-element-317168a elementor-widget elementor-widget-text-editor\" data-id=\"317168a\" data-element_type=\"widget\" data-widget_type=\"text-editor.default\">\n\t\t\t\t<div class=\"elementor-widget-container\">\n\t\t\t\t\t\t\t<p>RE\/MAX real estate agents lead the industry in terms of experience, education and sales. In Honduras, they have an average of 13 years of experience and across the network they have a greater number of professional designations than associates of any competitor.<\/p>\t\t\t\t\t\t<\/div>\n\t\t\t\t<\/div>\n\t\t\t\t<div class=\"elementor-element elementor-element-1681c7e elementor-widget elementor-widget-heading\" data-id=\"1681c7e\" data-element_type=\"widget\" data-widget_type=\"heading.default\">\n\t\t\t\t<div class=\"elementor-widget-container\">\n\t\t\t<h2 class=\"elementor-heading-title elementor-size-default\">Brand Awareness<\/h2>\t\t<\/div>\n\t\t\t\t<\/div>\n\t\t\t\t<div class=\"elementor-element elementor-element-b3d65d1 elementor-widget elementor-widget-text-editor\" data-id=\"b3d65d1\" data-element_type=\"widget\" data-widget_type=\"text-editor.default\">\n\t\t\t\t<div class=\"elementor-widget-container\">\n\t\t\t\t\t\t\t<p>The RE\/MAX hot air balloon trademark is one of the most recognized trademarks in North American business and is now a global brand. No other real estate organization has the level of recognition and brand definition of RE\/MAX<\/p>\t\t\t\t\t\t<\/div>\n\t\t\t\t<\/div>\n\t\t\t\t<div class=\"elementor-element elementor-element-d334c3b elementor-widget elementor-widget-heading\" data-id=\"d334c3b\" data-element_type=\"widget\" data-widget_type=\"heading.default\">\n\t\t\t\t<div class=\"elementor-widget-container\">\n\t\t\t<h2 class=\"elementor-heading-title elementor-size-default\">Customer Satisfaction<\/h2>\t\t<\/div>\n\t\t\t\t<\/div>\n\t\t\t\t<div class=\"elementor-element elementor-element-8eee389 elementor-widget elementor-widget-text-editor\" data-id=\"8eee389\" data-element_type=\"widget\" data-widget_type=\"text-editor.default\">\n\t\t\t\t<div class=\"elementor-widget-container\">\n\t\t\t\t\t\t\t<p>Repeat and recommended clients are the lifeblood of the real estate business. Approximately 70% of RE\/MAX's business comes from repeat and referral customers, demonstrating the high level of service RE\/MAX customers expect from their sales associates.<\/p><p>A recent survey conducted by RE\/MAX found that 95% of RE\/MAX customers report overall satisfaction with their RE\/MAX sales associate, 92% say they will use RE\/MAX again, and 93% will recommend RE\/MAX MAX to others. By far the highest ratings in the real estate business.<\/p>\t\t\t\t\t\t<\/div>\n\t\t\t\t<\/div>\n\t\t\t\t\t<\/div>\n\t\t<\/div>\n\t\t\t\t\t\t\t<\/div>\n\t\t<\/section>\n\t\t\t\t\t\t\t<\/div>","protected":false},"excerpt":{"rendered":"<p>RE\/MAX Starfish Una Mejor Forma de Vender y Comprar Bienes Ra\u00edces Ver Listados Acerca de RE\/MAX Starfish Somos un grupo dedicado de agentes de bienes ra\u00edces que cumplen con un est\u00e1ndar m\u00e1s alto gracias a nuestros propios valores compartidos y \u00e9tica de trabajo. Vivimos, trabajamos y jugamos en la comunidad que amamos y nuestros clientes [&hellip;]<\/p>","protected":false},"author":1,"featured_media":0,"parent":0,"menu_order":0,"comment_status":"closed","ping_status":"closed","template":"","meta":{"footnotes":""},"yoast_head":"<!-- This site is optimized with the Yoast SEO plugin v21.0 - https:\/\/yoast.com\/wordpress\/plugins\/seo\/ -->\n<title>Acerca de RE\/MAX Starfish - remaxstarfish.com<\/title>\n<meta name=\"robots\" content=\"index, follow, max-snippet:-1, max-image-preview:large, max-video-preview:-1\" \/>\n<link rel=\"canonical\" href=\"https:\/\/remaxstarfish.com\/en\/acerca-de-re-max-starfish\/\" \/>\n<meta property=\"og:locale\" content=\"en_US\" \/>\n<meta property=\"og:type\" content=\"article\" \/>\n<meta property=\"og:title\" content=\"Acerca de RE\/MAX Starfish - remaxstarfish.com\" \/>\n<meta property=\"og:description\" content=\"RE\/MAX Starfish Una Mejor Forma de Vender y Comprar Bienes Ra\u00edces Ver Listados Acerca de RE\/MAX Starfish Somos un grupo dedicado de agentes de bienes ra\u00edces que cumplen con un est\u00e1ndar m\u00e1s alto gracias a nuestros propios valores compartidos y \u00e9tica de trabajo. Vivimos, trabajamos y jugamos en la comunidad que amamos y nuestros clientes [&hellip;]\" \/>\n<meta property=\"og:url\" content=\"https:\/\/remaxstarfish.com\/en\/acerca-de-re-max-starfish\/\" \/>\n<meta property=\"og:site_name\" content=\"remaxstarfish.com\" \/>\n<meta property=\"article:modified_time\" content=\"2024-05-24T00:13:36+00:00\" \/>\n<meta property=\"og:image\" content=\"http:\/\/remaxstarfish.com\/wp-content\/uploads\/2024\/05\/Remax-starfish-vision-.png\" \/>\n<meta name=\"twitter:card\" content=\"summary_large_image\" \/>\n<meta name=\"twitter:label1\" content=\"Est. reading time\" \/>\n\t<meta name=\"twitter:data1\" content=\"3 minutes\" \/>\n<script type=\"application\/ld+json\" class=\"yoast-schema-graph\">{\"@context\":\"https:\/\/schema.org\",\"@graph\":[{\"@type\":\"WebPage\",\"@id\":\"https:\/\/remaxstarfish.com\/acerca-de-re-max-starfish\/\",\"url\":\"https:\/\/remaxstarfish.com\/acerca-de-re-max-starfish\/\",\"name\":\"Acerca de RE\/MAX Starfish - remaxstarfish.com\",\"isPartOf\":{\"@id\":\"https:\/\/remaxstarfish.com\/#website\"},\"datePublished\":\"2023-12-08T19:25:34+00:00\",\"dateModified\":\"2024-05-24T00:13:36+00:00\",\"breadcrumb\":{\"@id\":\"https:\/\/remaxstarfish.com\/acerca-de-re-max-starfish\/#breadcrumb\"},\"inLanguage\":\"en-US\",\"potentialAction\":[{\"@type\":\"ReadAction\",\"target\":[\"https:\/\/remaxstarfish.com\/acerca-de-re-max-starfish\/\"]}]},{\"@type\":\"BreadcrumbList\",\"@id\":\"https:\/\/remaxstarfish.com\/acerca-de-re-max-starfish\/#breadcrumb\",\"itemListElement\":[{\"@type\":\"ListItem\",\"position\":1,\"name\":\"Portada\",\"item\":\"https:\/\/remaxstarfish.com\/\"},{\"@type\":\"ListItem\",\"position\":2,\"name\":\"Acerca de RE\/MAX Starfish\"}]},{\"@type\":\"WebSite\",\"@id\":\"https:\/\/remaxstarfish.com\/#website\",\"url\":\"https:\/\/remaxstarfish.com\/\",\"name\":\"remaxstarfish.com\",\"description\":\"\",\"publisher\":{\"@id\":\"https:\/\/remaxstarfish.com\/#organization\"},\"potentialAction\":[{\"@type\":\"SearchAction\",\"target\":{\"@type\":\"EntryPoint\",\"urlTemplate\":\"https:\/\/remaxstarfish.com\/?s={search_term_string}\"},\"query-input\":\"required name=search_term_string\"}],\"inLanguage\":\"en-US\"},{\"@type\":\"Organization\",\"@id\":\"https:\/\/remaxstarfish.com\/#organization\",\"name\":\"remaxstarfish.com\",\"url\":\"https:\/\/remaxstarfish.com\/\",\"logo\":{\"@type\":\"ImageObject\",\"inLanguage\":\"en-US\",\"@id\":\"https:\/\/remaxstarfish.com\/#\/schema\/logo\/image\/\",\"url\":\"https:\/\/remaxstarfish.com\/wp-content\/uploads\/2025\/03\/cropped-STARFISH-1.png\",\"contentUrl\":\"https:\/\/remaxstarfish.com\/wp-content\/uploads\/2025\/03\/cropped-STARFISH-1.png\",\"width\":3171,\"height\":1353,\"caption\":\"remaxstarfish.com\"},\"image\":{\"@id\":\"https:\/\/remaxstarfish.com\/#\/schema\/logo\/image\/\"}}]}<\/script>\n<!-- \/ Yoast SEO plugin. -->","yoast_head_json":{"title":"Acerca de RE\/MAX Starfish - remaxstarfish.com","robots":{"index":"index","follow":"follow","max-snippet":"max-snippet:-1","max-image-preview":"max-image-preview:large","max-video-preview":"max-video-preview:-1"},"canonical":"https:\/\/remaxstarfish.com\/en\/acerca-de-re-max-starfish\/","og_locale":"en_US","og_type":"article","og_title":"Acerca de RE\/MAX Starfish - remaxstarfish.com","og_description":"RE\/MAX Starfish Una Mejor Forma de Vender y Comprar Bienes Ra\u00edces Ver Listados Acerca de RE\/MAX Starfish Somos un grupo dedicado de agentes de bienes ra\u00edces que cumplen con un est\u00e1ndar m\u00e1s alto gracias a nuestros propios valores compartidos y \u00e9tica de trabajo. Vivimos, trabajamos y jugamos en la comunidad que amamos y nuestros clientes [&hellip;]","og_url":"https:\/\/remaxstarfish.com\/en\/acerca-de-re-max-starfish\/","og_site_name":"remaxstarfish.com","article_modified_time":"2024-05-24T00:13:36+00:00","og_image":[{"url":"http:\/\/remaxstarfish.com\/wp-content\/uploads\/2024\/05\/Remax-starfish-vision-.png"}],"twitter_card":"summary_large_image","twitter_misc":{"Est. reading time":"3 minutes"},"schema":{"@context":"https:\/\/schema.org","@graph":[{"@type":"WebPage","@id":"https:\/\/remaxstarfish.com\/acerca-de-re-max-starfish\/","url":"https:\/\/remaxstarfish.com\/acerca-de-re-max-starfish\/","name":"Acerca de RE\/MAX Starfish - remaxstarfish.com","isPartOf":{"@id":"https:\/\/remaxstarfish.com\/#website"},"datePublished":"2023-12-08T19:25:34+00:00","dateModified":"2024-05-24T00:13:36+00:00","breadcrumb":{"@id":"https:\/\/remaxstarfish.com\/acerca-de-re-max-starfish\/#breadcrumb"},"inLanguage":"en-US","potentialAction":[{"@type":"ReadAction","target":["https:\/\/remaxstarfish.com\/acerca-de-re-max-starfish\/"]}]},{"@type":"BreadcrumbList","@id":"https:\/\/remaxstarfish.com\/acerca-de-re-max-starfish\/#breadcrumb","itemListElement":[{"@type":"ListItem","position":1,"name":"Portada","item":"https:\/\/remaxstarfish.com\/"},{"@type":"ListItem","position":2,"name":"Acerca de RE\/MAX Starfish"}]},{"@type":"WebSite","@id":"https:\/\/remaxstarfish.com\/#website","url":"https:\/\/remaxstarfish.com\/","name":"remaxstarfish.com","description":"","publisher":{"@id":"https:\/\/remaxstarfish.com\/#organization"},"potentialAction":[{"@type":"SearchAction","target":{"@type":"EntryPoint","urlTemplate":"https:\/\/remaxstarfish.com\/?s={search_term_string}"},"query-input":"required name=search_term_string"}],"inLanguage":"en-US"},{"@type":"Organization","@id":"https:\/\/remaxstarfish.com\/#organization","name":"remaxstarfish.com","url":"https:\/\/remaxstarfish.com\/","logo":{"@type":"ImageObject","inLanguage":"en-US","@id":"https:\/\/remaxstarfish.com\/#\/schema\/logo\/image\/","url":"https:\/\/remaxstarfish.com\/wp-content\/uploads\/2025\/03\/cropped-STARFISH-1.png","contentUrl":"https:\/\/remaxstarfish.com\/wp-content\/uploads\/2025\/03\/cropped-STARFISH-1.png","width":3171,"height":1353,"caption":"remaxstarfish.com"},"image":{"@id":"https:\/\/remaxstarfish.com\/#\/schema\/logo\/image\/"}}]}},"_links":{"self":[{"href":"https:\/\/remaxstarfish.com\/en\/wp-json\/wp\/v2\/pages\/598"}],"collection":[{"href":"https:\/\/remaxstarfish.com\/en\/wp-json\/wp\/v2\/pages"}],"about":[{"href":"https:\/\/remaxstarfish.com\/en\/wp-json\/wp\/v2\/types\/page"}],"author":[{"embeddable":true,"href":"https:\/\/remaxstarfish.com\/en\/wp-json\/wp\/v2\/users\/1"}],"replies":[{"embeddable":true,"href":"https:\/\/remaxstarfish.com\/en\/wp-json\/wp\/v2\/comments?post=598"}],"version-history":[{"count":16,"href":"https:\/\/remaxstarfish.com\/en\/wp-json\/wp\/v2\/pages\/598\/revisions"}],"predecessor-version":[{"id":855,"href":"https:\/\/remaxstarfish.com\/en\/wp-json\/wp\/v2\/pages\/598\/revisions\/855"}],"wp:attachment":[{"href":"https:\/\/remaxstarfish.com\/en\/wp-json\/wp\/v2\/media?parent=598"}],"curies":[{"name":"wp","href":"https:\/\/api.w.org\/{rel}","templated":true}]}}