{"id":1375,"date":"2025-03-26T11:58:07","date_gmt":"2025-03-26T17:58:07","guid":{"rendered":"https:\/\/remaxstarfish.com\/?page_id=1375"},"modified":"2025-03-26T12:00:45","modified_gmt":"2025-03-26T18:00:45","slug":"inicio-2","status":"publish","type":"page","link":"https:\/\/remaxstarfish.com\/en\/inicio-2\/","title":{"rendered":"inicio 2"},"content":{"rendered":"<!DOCTYPE html>\n<html lang=\"en\">\n<head>\n    <meta charset=\"UTF-8\">\n    <meta name=\"viewport\" content=\"width=device-width, initial-scale=1.0\">\n    <title>REMAX &#8211; Bienes Ra\u00edces<\/title>\n    <style>\n        body {\n            font-family: 'Helvetica Neue', Arial, sans-serif;\n            margin: 0;\n            padding: 0;\n            background-color: #ffffff;\n            color: #333333;\n        }\n        header {\n            text-align: center;\n            padding: 20px;\n            background-color: #f8f9fa;\n            border-bottom: 1px solid #dddddd;\n        }\n        header h1 {\n            font-size: 2.5rem;\n            margin: 0;\n        }\n        header p {\n            font-size: 1.2rem;\n            margin: 5px 0 0;\n        }\n        .hero {\n            text-align: center;\n            padding: 40px 20px;\n            background-color: #f5f5f5;\n            position: relative;\n        }\n        .hero img {\n            width: 100%;\n            max-height: 400px;\n            object-fit: cover;\n            border-radius: 5px;\n        }\n        .hero-text {\n            position: absolute;\n            top: 50%;\n            left: 50%;\n            transform: translate(-50%, -50%);\n            color: #ffffff;\n            text-shadow: 1px 1px 4px rgba(0, 0, 0, 0.7);\n        }\n        .hero-text h1 {\n            font-size: 3rem;\n            margin-bottom: 10px;\n        }\n        .hero-text button {\n            padding: 10px 20px;\n            font-size: 1rem;\n            background-color: #0056b3;\n            border: none;\n            color: white;\n            border-radius: 5px;\n            cursor: pointer;\n        }\n        .services {\n            display: flex;\n            justify-content: center;\n            flex-wrap: wrap;\n            padding: 40px 20px;\n        }\n        .service-item {\n            margin: 20px;\n            padding: 20px;\n            border: 1px solid #dddddd;\n            border-radius: 5px;\n            width: 300px;\n            text-align: center;\n            background-color: #ffffff;\n        }\n        .service-item h3 {\n            margin: 0 0 10px;\n        }\n        footer {\n            background-color: #f8f9fa;\n            color: #333333;\n            text-align: center;\n            padding: 20px;\n            border-top: 1px solid #dddddd;\n        }\n    <\/style>\n<\/head>\n<body>\n    <header>\n        <h1>REMAX Bienes Ra\u00edces<\/h1>\n        <p>Tu aliado para encontrar la propiedad perfecta<\/p>\n    <\/header>\n\n    <section class=\"hero\">\n        <img decoding=\"async\" src=\"https:\/\/via.placeholder.com\/1600x400\" alt=\"Propiedades modernas y profesionales\">\n        <div class=\"hero-text\">\n            <h1>Descubre el Hogar de Tus Sue\u00f1os<\/h1>\n            <button>Explorar Propiedades<\/button>\n        <\/div>\n    <\/section>\n\n    <section class=\"services\">\n        <div class=\"service-item\">\n            <h3>Compra de Propiedades<\/h3>\n            <p>Explora nuestra amplia selecci\u00f3n de propiedades en venta.<\/p>\n        <\/div>\n        <div class=\"service-item\">\n            <h3>Venta de Propiedades<\/h3>\n            <p>Vende tu propiedad con nuestros expertos en bienes ra\u00edces.<\/p>\n        <\/div>\n        <div class=\"service-item\">\n            <h3>Alquiler<\/h3>\n            <p>Encuentra opciones de alquiler para hogares y oficinas.<\/p>\n        <\/div>\n    <\/section>\n\n    <footer>\n        <p>&copy; 2025 REMAX &#8211; Todos los derechos reservados<\/p>\n    <\/footer>\n<\/body>\n<\/html>","protected":false},"excerpt":{"rendered":"<p>REMAX &#8211; Bienes Ra\u00edces REMAX Bienes Ra\u00edces Tu aliado para encontrar la propiedad perfecta Descubre el Hogar de Tus Sue\u00f1os Explorar Propiedades Compra de Propiedades Explora nuestra amplia selecci\u00f3n de propiedades en venta. Venta de Propiedades Vende tu propiedad con nuestros expertos en bienes ra\u00edces. Alquiler Encuentra opciones de alquiler para hogares y oficinas. &copy; [&hellip;]<\/p>","protected":false},"author":1,"featured_media":0,"parent":0,"menu_order":0,"comment_status":"closed","ping_status":"closed","template":"","meta":{"footnotes":""},"yoast_head":"<!-- This site is optimized with the Yoast SEO plugin v21.0 - https:\/\/yoast.com\/wordpress\/plugins\/seo\/ -->\n<title>inicio 2 - remaxstarfish.com<\/title>\n<meta name=\"robots\" content=\"index, follow, max-snippet:-1, max-image-preview:large, max-video-preview:-1\" \/>\n<link rel=\"canonical\" href=\"https:\/\/remaxstarfish.com\/en\/inicio-2\/\" \/>\n<meta property=\"og:locale\" content=\"en_US\" \/>\n<meta property=\"og:type\" content=\"article\" \/>\n<meta property=\"og:title\" content=\"inicio 2 - remaxstarfish.com\" \/>\n<meta property=\"og:description\" content=\"REMAX &#8211; Bienes Ra\u00edces REMAX Bienes Ra\u00edces Tu aliado para encontrar la propiedad perfecta Descubre el Hogar de Tus Sue\u00f1os Explorar Propiedades Compra de Propiedades Explora nuestra amplia selecci\u00f3n de propiedades en venta. Venta de Propiedades Vende tu propiedad con nuestros expertos en bienes ra\u00edces. Alquiler Encuentra opciones de alquiler para hogares y oficinas. &copy; [&hellip;]\" \/>\n<meta property=\"og:url\" content=\"https:\/\/remaxstarfish.com\/en\/inicio-2\/\" \/>\n<meta property=\"og:site_name\" content=\"remaxstarfish.com\" \/>\n<meta property=\"article:modified_time\" content=\"2025-03-26T18:00:45+00:00\" \/>\n<meta property=\"og:image\" content=\"https:\/\/via.placeholder.com\/1600x400\" \/>\n<meta name=\"twitter:card\" content=\"summary_large_image\" \/>\n<meta name=\"twitter:label1\" content=\"Est. reading time\" \/>\n\t<meta name=\"twitter:data1\" content=\"1 minute\" \/>\n<script type=\"application\/ld+json\" class=\"yoast-schema-graph\">{\"@context\":\"https:\/\/schema.org\",\"@graph\":[{\"@type\":\"WebPage\",\"@id\":\"https:\/\/remaxstarfish.com\/inicio-2\/\",\"url\":\"https:\/\/remaxstarfish.com\/inicio-2\/\",\"name\":\"inicio 2 - remaxstarfish.com\",\"isPartOf\":{\"@id\":\"https:\/\/remaxstarfish.com\/#website\"},\"datePublished\":\"2025-03-26T17:58:07+00:00\",\"dateModified\":\"2025-03-26T18:00:45+00:00\",\"breadcrumb\":{\"@id\":\"https:\/\/remaxstarfish.com\/inicio-2\/#breadcrumb\"},\"inLanguage\":\"en-US\",\"potentialAction\":[{\"@type\":\"ReadAction\",\"target\":[\"https:\/\/remaxstarfish.com\/inicio-2\/\"]}]},{\"@type\":\"BreadcrumbList\",\"@id\":\"https:\/\/remaxstarfish.com\/inicio-2\/#breadcrumb\",\"itemListElement\":[{\"@type\":\"ListItem\",\"position\":1,\"name\":\"Portada\",\"item\":\"https:\/\/remaxstarfish.com\/\"},{\"@type\":\"ListItem\",\"position\":2,\"name\":\"inicio 2\"}]},{\"@type\":\"WebSite\",\"@id\":\"https:\/\/remaxstarfish.com\/#website\",\"url\":\"https:\/\/remaxstarfish.com\/\",\"name\":\"remaxstarfish.com\",\"description\":\"\",\"publisher\":{\"@id\":\"https:\/\/remaxstarfish.com\/#organization\"},\"potentialAction\":[{\"@type\":\"SearchAction\",\"target\":{\"@type\":\"EntryPoint\",\"urlTemplate\":\"https:\/\/remaxstarfish.com\/?s={search_term_string}\"},\"query-input\":\"required name=search_term_string\"}],\"inLanguage\":\"en-US\"},{\"@type\":\"Organization\",\"@id\":\"https:\/\/remaxstarfish.com\/#organization\",\"name\":\"remaxstarfish.com\",\"url\":\"https:\/\/remaxstarfish.com\/\",\"logo\":{\"@type\":\"ImageObject\",\"inLanguage\":\"en-US\",\"@id\":\"https:\/\/remaxstarfish.com\/#\/schema\/logo\/image\/\",\"url\":\"https:\/\/remaxstarfish.com\/wp-content\/uploads\/2025\/03\/cropped-STARFISH-1.png\",\"contentUrl\":\"https:\/\/remaxstarfish.com\/wp-content\/uploads\/2025\/03\/cropped-STARFISH-1.png\",\"width\":3171,\"height\":1353,\"caption\":\"remaxstarfish.com\"},\"image\":{\"@id\":\"https:\/\/remaxstarfish.com\/#\/schema\/logo\/image\/\"}}]}<\/script>\n<!-- \/ Yoast SEO plugin. -->","yoast_head_json":{"title":"inicio 2 - remaxstarfish.com","robots":{"index":"index","follow":"follow","max-snippet":"max-snippet:-1","max-image-preview":"max-image-preview:large","max-video-preview":"max-video-preview:-1"},"canonical":"https:\/\/remaxstarfish.com\/en\/inicio-2\/","og_locale":"en_US","og_type":"article","og_title":"inicio 2 - remaxstarfish.com","og_description":"REMAX &#8211; Bienes Ra\u00edces REMAX Bienes Ra\u00edces Tu aliado para encontrar la propiedad perfecta Descubre el Hogar de Tus Sue\u00f1os Explorar Propiedades Compra de Propiedades Explora nuestra amplia selecci\u00f3n de propiedades en venta. Venta de Propiedades Vende tu propiedad con nuestros expertos en bienes ra\u00edces. Alquiler Encuentra opciones de alquiler para hogares y oficinas. &copy; [&hellip;]","og_url":"https:\/\/remaxstarfish.com\/en\/inicio-2\/","og_site_name":"remaxstarfish.com","article_modified_time":"2025-03-26T18:00:45+00:00","og_image":[{"url":"https:\/\/via.placeholder.com\/1600x400"}],"twitter_card":"summary_large_image","twitter_misc":{"Est. reading time":"1 minute"},"schema":{"@context":"https:\/\/schema.org","@graph":[{"@type":"WebPage","@id":"https:\/\/remaxstarfish.com\/inicio-2\/","url":"https:\/\/remaxstarfish.com\/inicio-2\/","name":"inicio 2 - remaxstarfish.com","isPartOf":{"@id":"https:\/\/remaxstarfish.com\/#website"},"datePublished":"2025-03-26T17:58:07+00:00","dateModified":"2025-03-26T18:00:45+00:00","breadcrumb":{"@id":"https:\/\/remaxstarfish.com\/inicio-2\/#breadcrumb"},"inLanguage":"en-US","potentialAction":[{"@type":"ReadAction","target":["https:\/\/remaxstarfish.com\/inicio-2\/"]}]},{"@type":"BreadcrumbList","@id":"https:\/\/remaxstarfish.com\/inicio-2\/#breadcrumb","itemListElement":[{"@type":"ListItem","position":1,"name":"Portada","item":"https:\/\/remaxstarfish.com\/"},{"@type":"ListItem","position":2,"name":"inicio 2"}]},{"@type":"WebSite","@id":"https:\/\/remaxstarfish.com\/#website","url":"https:\/\/remaxstarfish.com\/","name":"remaxstarfish.com","description":"","publisher":{"@id":"https:\/\/remaxstarfish.com\/#organization"},"potentialAction":[{"@type":"SearchAction","target":{"@type":"EntryPoint","urlTemplate":"https:\/\/remaxstarfish.com\/?s={search_term_string}"},"query-input":"required name=search_term_string"}],"inLanguage":"en-US"},{"@type":"Organization","@id":"https:\/\/remaxstarfish.com\/#organization","name":"remaxstarfish.com","url":"https:\/\/remaxstarfish.com\/","logo":{"@type":"ImageObject","inLanguage":"en-US","@id":"https:\/\/remaxstarfish.com\/#\/schema\/logo\/image\/","url":"https:\/\/remaxstarfish.com\/wp-content\/uploads\/2025\/03\/cropped-STARFISH-1.png","contentUrl":"https:\/\/remaxstarfish.com\/wp-content\/uploads\/2025\/03\/cropped-STARFISH-1.png","width":3171,"height":1353,"caption":"remaxstarfish.com"},"image":{"@id":"https:\/\/remaxstarfish.com\/#\/schema\/logo\/image\/"}}]}},"_links":{"self":[{"href":"https:\/\/remaxstarfish.com\/en\/wp-json\/wp\/v2\/pages\/1375"}],"collection":[{"href":"https:\/\/remaxstarfish.com\/en\/wp-json\/wp\/v2\/pages"}],"about":[{"href":"https:\/\/remaxstarfish.com\/en\/wp-json\/wp\/v2\/types\/page"}],"author":[{"embeddable":true,"href":"https:\/\/remaxstarfish.com\/en\/wp-json\/wp\/v2\/users\/1"}],"replies":[{"embeddable":true,"href":"https:\/\/remaxstarfish.com\/en\/wp-json\/wp\/v2\/comments?post=1375"}],"version-history":[{"count":2,"href":"https:\/\/remaxstarfish.com\/en\/wp-json\/wp\/v2\/pages\/1375\/revisions"}],"predecessor-version":[{"id":1377,"href":"https:\/\/remaxstarfish.com\/en\/wp-json\/wp\/v2\/pages\/1375\/revisions\/1377"}],"wp:attachment":[{"href":"https:\/\/remaxstarfish.com\/en\/wp-json\/wp\/v2\/media?parent=1375"}],"curies":[{"name":"wp","href":"https:\/\/api.w.org\/{rel}","templated":true}]}}